{"id":25,"date":"2014-09-26T17:24:29","date_gmt":"2014-09-26T17:24:29","guid":{"rendered":"http:\/\/192.168.1.104\/enfold-photography\/?page_id=25"},"modified":"2025-04-30T15:35:50","modified_gmt":"2025-04-30T13:35:50","slug":"schaluppen","status":"publish","type":"page","link":"https:\/\/sloepvaren.nl\/de\/schaluppen\/","title":{"rendered":"Unsere Schaluppen"},"content":{"rendered":"<style type=\"text\/css\" data-created_by=\"avia_inline_auto\" id=\"style-css-av-2szcx-183d56aa2a31fe4c6703a7873744c81d\">\n#top .av-special-heading.av-2szcx-183d56aa2a31fe4c6703a7873744c81d{\npadding-bottom:25px;\n}\nbody .av-special-heading.av-2szcx-183d56aa2a31fe4c6703a7873744c81d .av-special-heading-tag .heading-char{\nfont-size:25px;\n}\n.av-special-heading.av-2szcx-183d56aa2a31fe4c6703a7873744c81d .av-subheading{\nfont-size:15px;\n}\n<\/style>\n<div  class='av-special-heading av-2szcx-183d56aa2a31fe4c6703a7873744c81d av-special-heading-h1 blockquote modern-quote modern-centered  avia-builder-el-0  el_before_av_masonry_gallery  avia-builder-el-no-sibling  av-linked-heading'><h1 class='av-special-heading-tag'  itemprop=\"headline\"  >Unsere Schaluppen<\/h1><div class='av-subheading av-subheading_below'><p>Unsere luxuri\u00f6sen Schaluppen bieten Platz f\u00fcr bis zu 8 Personen und sind komplett mit allem Notwendigen ausgestattet. Mit einem einfachen Bedienungssystem werden Sie bequem einen wunderbaren Tag auf dem Wasser genie\u00dfen, auch ohne Bootserfahrung.<\/p>\n<p>Sie m\u00f6chten lieber einen erfahrenen Skipper an Bord haben? Dann kontaktieren Sie uns bitte.<\/p>\n<\/div><div class=\"special-heading-border\"><div class=\"special-heading-inner-border\"><\/div><\/div><\/div>\n<div id='av-masonry-1' class='av-masonry av-jh7lmdv2-38a0e10b5e9a698b0ea89cb2b3882cb2 noHover av-fixed-size av-large-gap av-hover-overlay-active av-masonry-animation-active av-masonry-col-4 av-caption-always av-caption-style- av-masonry-gallery' data-post_id=\"25\"><div class=\"av-masonry-container isotope av-js-disabled\"><div class='av-masonry-entry isotope-item av-masonry-item-no-image'><\/div><a href=\"https:\/\/sloepvaren.nl\/wp-content\/uploads\/2022\/07\/DSC00230-1030x687.jpeg\" data-srcset=\"https:\/\/sloepvaren.nl\/wp-content\/uploads\/2022\/07\/DSC00230-1030x687.jpeg 1030w, https:\/\/sloepvaren.nl\/wp-content\/uploads\/2022\/07\/DSC00230-300x200.jpeg 300w, https:\/\/sloepvaren.nl\/wp-content\/uploads\/2022\/07\/DSC00230-768x512.jpeg 768w, https:\/\/sloepvaren.nl\/wp-content\/uploads\/2022\/07\/DSC00230-1536x1024.jpeg 1536w, https:\/\/sloepvaren.nl\/wp-content\/uploads\/2022\/07\/DSC00230-2048x1365.jpeg 2048w, https:\/\/sloepvaren.nl\/wp-content\/uploads\/2022\/07\/DSC00230-1500x1000.jpeg 1500w, https:\/\/sloepvaren.nl\/wp-content\/uploads\/2022\/07\/DSC00230-705x470.jpeg 705w\" data-sizes=\"(max-width: 1030px) 100vw, 1030px\"  aria-label=\"Bild DSC00230\"  id='av-masonry-1-item-1297' data-av-masonry-item='1297' class='av-masonry-entry isotope-item post-1297 attachment type-attachment status-inherit hentry  av-masonry-item-with-image' title=\"DSC00230\" alt=\"\"    itemprop=\"thumbnailUrl\" ><div class='av-inner-masonry-sizer'><\/div><figure class='av-inner-masonry main_color'><div class=\"av-masonry-outerimage-container\"><div class='av-masonry-image-container' style=\"background-image: url(https:\/\/sloepvaren.nl\/wp-content\/uploads\/2022\/07\/DSC00230-705x470.jpeg);\"  title=\"DSC00230\" ><\/div><\/div><\/figure><\/a><!--end av-masonry entry--><a href=\"https:\/\/sloepvaren.nl\/wp-content\/uploads\/2022\/07\/DSC00205-1030x687.jpeg\" data-srcset=\"https:\/\/sloepvaren.nl\/wp-content\/uploads\/2022\/07\/DSC00205-1030x687.jpeg 1030w, https:\/\/sloepvaren.nl\/wp-content\/uploads\/2022\/07\/DSC00205-300x200.jpeg 300w, https:\/\/sloepvaren.nl\/wp-content\/uploads\/2022\/07\/DSC00205-768x512.jpeg 768w, https:\/\/sloepvaren.nl\/wp-content\/uploads\/2022\/07\/DSC00205-1536x1024.jpeg 1536w, https:\/\/sloepvaren.nl\/wp-content\/uploads\/2022\/07\/DSC00205-2048x1365.jpeg 2048w, https:\/\/sloepvaren.nl\/wp-content\/uploads\/2022\/07\/DSC00205-1500x1000.jpeg 1500w, https:\/\/sloepvaren.nl\/wp-content\/uploads\/2022\/07\/DSC00205-705x470.jpeg 705w\" data-sizes=\"(max-width: 1030px) 100vw, 1030px\"  aria-label=\"Bild DSC00205\"  id='av-masonry-1-item-1295' data-av-masonry-item='1295' class='av-masonry-entry isotope-item post-1295 attachment type-attachment status-inherit hentry  av-masonry-item-with-image' title=\"DSC00205\" alt=\"\"    itemprop=\"thumbnailUrl\" ><div class='av-inner-masonry-sizer'><\/div><figure class='av-inner-masonry main_color'><div class=\"av-masonry-outerimage-container\"><div class='av-masonry-image-container' style=\"background-image: url(https:\/\/sloepvaren.nl\/wp-content\/uploads\/2022\/07\/DSC00205-705x470.jpeg);\"  title=\"DSC00205\" ><\/div><\/div><\/figure><\/a><!--end av-masonry entry--><a href=\"https:\/\/sloepvaren.nl\/wp-content\/uploads\/2022\/07\/DSC00370-1030x687.jpeg\" data-srcset=\"https:\/\/sloepvaren.nl\/wp-content\/uploads\/2022\/07\/DSC00370-1030x687.jpeg 1030w, https:\/\/sloepvaren.nl\/wp-content\/uploads\/2022\/07\/DSC00370-300x200.jpeg 300w, https:\/\/sloepvaren.nl\/wp-content\/uploads\/2022\/07\/DSC00370-768x512.jpeg 768w, https:\/\/sloepvaren.nl\/wp-content\/uploads\/2022\/07\/DSC00370-1536x1024.jpeg 1536w, https:\/\/sloepvaren.nl\/wp-content\/uploads\/2022\/07\/DSC00370-2048x1365.jpeg 2048w, https:\/\/sloepvaren.nl\/wp-content\/uploads\/2022\/07\/DSC00370-1500x1000.jpeg 1500w, https:\/\/sloepvaren.nl\/wp-content\/uploads\/2022\/07\/DSC00370-705x470.jpeg 705w\" data-sizes=\"(max-width: 1030px) 100vw, 1030px\"  aria-label=\"Bild DSC00370\"  id='av-masonry-1-item-1300' data-av-masonry-item='1300' class='av-masonry-entry isotope-item post-1300 attachment type-attachment status-inherit hentry  av-masonry-item-with-image' title=\"DSC00370\" alt=\"\"    itemprop=\"thumbnailUrl\" ><div class='av-inner-masonry-sizer'><\/div><figure class='av-inner-masonry main_color'><div class=\"av-masonry-outerimage-container\"><div class='av-masonry-image-container' style=\"background-image: url(https:\/\/sloepvaren.nl\/wp-content\/uploads\/2022\/07\/DSC00370-705x470.jpeg);\"  title=\"DSC00370\" ><\/div><\/div><\/figure><\/a><!--end av-masonry entry--><a href=\"https:\/\/sloepvaren.nl\/wp-content\/uploads\/2022\/07\/DSC00252-1030x687.jpeg\" data-srcset=\"https:\/\/sloepvaren.nl\/wp-content\/uploads\/2022\/07\/DSC00252-1030x687.jpeg 1030w, https:\/\/sloepvaren.nl\/wp-content\/uploads\/2022\/07\/DSC00252-300x200.jpeg 300w, https:\/\/sloepvaren.nl\/wp-content\/uploads\/2022\/07\/DSC00252-768x512.jpeg 768w, https:\/\/sloepvaren.nl\/wp-content\/uploads\/2022\/07\/DSC00252-1536x1024.jpeg 1536w, https:\/\/sloepvaren.nl\/wp-content\/uploads\/2022\/07\/DSC00252-2048x1365.jpeg 2048w, https:\/\/sloepvaren.nl\/wp-content\/uploads\/2022\/07\/DSC00252-1500x1000.jpeg 1500w, https:\/\/sloepvaren.nl\/wp-content\/uploads\/2022\/07\/DSC00252-705x470.jpeg 705w\" data-sizes=\"(max-width: 1030px) 100vw, 1030px\"  aria-label=\"Bild DSC00252\"  id='av-masonry-1-item-1299' data-av-masonry-item='1299' class='av-masonry-entry isotope-item post-1299 attachment type-attachment status-inherit hentry  av-masonry-item-with-image' title=\"DSC00252\" alt=\"\"    itemprop=\"thumbnailUrl\" ><div class='av-inner-masonry-sizer'><\/div><figure class='av-inner-masonry main_color'><div class=\"av-masonry-outerimage-container\"><div class='av-masonry-image-container' style=\"background-image: url(https:\/\/sloepvaren.nl\/wp-content\/uploads\/2022\/07\/DSC00252-705x470.jpeg);\"  title=\"DSC00252\" ><\/div><\/div><\/figure><\/a><!--end av-masonry entry--><\/div><div class='av-masonry-pagination av-masonry-pagination-pagination'><nav class='pagination'><span class='pagination-meta'>Seite 1 von 2<\/span><span class='current'>1<\/span><a href='https:\/\/sloepvaren.nl\/de\/wp-json\/wp\/v2\/pages\/25\/?avia-element-paging=2' class='inactive next_page' >2<\/a><\/nav>\n<\/div><\/div>\n\n<style type=\"text\/css\" data-created_by=\"avia_inline_auto\" id=\"style-css-av-27j7p-96abbc95851dd845677f998631720188\">\n#top .av-special-heading.av-27j7p-96abbc95851dd845677f998631720188{\npadding-bottom:25px;\n}\nbody .av-special-heading.av-27j7p-96abbc95851dd845677f998631720188 .av-special-heading-tag .heading-char{\nfont-size:25px;\n}\n.av-special-heading.av-27j7p-96abbc95851dd845677f998631720188 .av-subheading{\nfont-size:15px;\n}\n<\/style>\n<div  class='av-special-heading av-27j7p-96abbc95851dd845677f998631720188 av-special-heading-h3 blockquote modern-quote modern-centered  avia-builder-el-2  el_after_av_masonry_gallery  el_before_av_textblock  avia-builder-el-first  av-linked-heading'><h3 class='av-special-heading-tag'  itemprop=\"headline\"  >Elektrische Schaluppe<\/h3><div class=\"special-heading-border\"><div class=\"special-heading-inner-border\"><\/div><\/div><\/div>\n<section  class='av_textblock_section av-kq2cxevz-df9d9b1abd7a6d2b4b248099f8aded8c'   itemscope=\"itemscope\" itemtype=\"https:\/\/schema.org\/CreativeWork\" ><div class='avia_textblock'  itemprop=\"text\" ><p style=\"text-align: center;\">Unsere neuesten Schaluppen verf\u00fcgen \u00fcber einen Elektroantrieb und sind viel leiser als ihre Dieselvorg\u00e4nger.<\/p>\n<p style=\"text-align: center;\">Diese nachhaltigen Boote bieten viele Vorteile und sind genauso schnell wie die Dieselschaluppen, die Sie vielleicht kennen. Und das Beste von allem? Kein Dieselgeruch w\u00e4hrend der Fahrt!<\/p>\n<p style=\"text-align: center;\">Entscheiden Sie sich noch heute f\u00fcr einen Elektro-Sloop und genie\u00dfen Sie das Wasser, einander und die Natur ungest\u00f6rt.<\/p>\n<\/div><\/section>\n\n<style type=\"text\/css\" data-created_by=\"avia_inline_auto\" id=\"style-css-av-1fhhp-0f7d15553b2e356687271c77d4d7d28b\">\n#top .av-special-heading.av-1fhhp-0f7d15553b2e356687271c77d4d7d28b{\npadding-bottom:25px;\n}\nbody .av-special-heading.av-1fhhp-0f7d15553b2e356687271c77d4d7d28b .av-special-heading-tag .heading-char{\nfont-size:25px;\n}\n.av-special-heading.av-1fhhp-0f7d15553b2e356687271c77d4d7d28b .av-subheading{\nfont-size:15px;\n}\n<\/style>\n<div  class='av-special-heading av-1fhhp-0f7d15553b2e356687271c77d4d7d28b av-special-heading-h2 blockquote modern-quote modern-centered  avia-builder-el-4  el_after_av_textblock  el_before_av_one_half  av-linked-heading'><h2 class='av-special-heading-tag'  itemprop=\"headline\"  >Preise Electrosloop<\/h2><div class=\"special-heading-border\"><div class=\"special-heading-inner-border\"><\/div><\/div><\/div>\n\n<style type=\"text\/css\" data-created_by=\"avia_inline_auto\" id=\"style-css-av-16rr9-31ef814168b4df7e231422a5e956b961\">\n.flex_column.av-16rr9-31ef814168b4df7e231422a5e956b961{\nborder-radius:0px 0px 0px 0px;\npadding:0px 0px 0px 0px;\n}\n<\/style>\n<div  class='flex_column av-16rr9-31ef814168b4df7e231422a5e956b961 av_one_half  avia-builder-el-5  el_after_av_heading  el_before_av_one_half  first flex_column_div av-zero-column-padding'     ><section  class='av_textblock_section av-jh7gfqju-5a5b2ef038bd8a3e206d1babd7afbd3f'   itemscope=\"itemscope\" itemtype=\"https:\/\/schema.org\/CreativeWork\" ><div class='avia_textblock'  itemprop=\"text\" ><h3 style=\"text-align: center;\">Montag bis Freitag<\/h3>\n<\/div><\/section><br \/>\n<div class='avia-data-table-wrap av-cybad-aec6c8a7974fb93404f9ec6183e94127 avia_responsive_table avia-table-1'><table  class='avia-table avia-data-table avia_pricing_default  avia-builder-el-7  el_after_av_textblock  avia-builder-el-last'  itemscope=\"itemscope\" itemtype=\"https:\/\/schema.org\/Table\" ><tbody><tr class=''><td class=''>Morgen<br \/>\n9.00 &#8211; 13.00<\/td><td class=''>100<\/td><\/tr><tr class=''><td class=''>Nachmittag<br \/>\n14.00 &#8211; 17.00<\/td><td class=''>125<\/td><\/tr><tr class=''><td class=''>Tsch\u00fcss<br \/>\n9.00 &#8211; 17.00<\/td><td class=''>160<\/td><\/tr><tr class=''><td class=''>Tag + Abend<br \/>\n9.00 &#8211; 21.00<\/td><td class=''>205<\/td><\/tr><tr class=''><td class=''>Avond<br \/>\n18:00 &#8211; 21:00<\/td><td class=''>85<\/td><\/tr><\/tbody><\/table><\/div><\/p><\/div>\n<style type=\"text\/css\" data-created_by=\"avia_inline_auto\" id=\"style-css-av-16rr9-12-e0da8526c7d8dca12e0c983e4199aec7\">\n.flex_column.av-16rr9-12-e0da8526c7d8dca12e0c983e4199aec7{\nborder-radius:0px 0px 0px 0px;\npadding:0px 0px 0px 0px;\n}\n<\/style>\n<div  class='flex_column av-16rr9-12-e0da8526c7d8dca12e0c983e4199aec7 av_one_half  avia-builder-el-8  el_after_av_one_half  el_before_av_heading  flex_column_div av-zero-column-padding'     ><section  class='av_textblock_section av-jh7gfqju-11-7c838d7dc62f04b1a06344fb08871858'   itemscope=\"itemscope\" itemtype=\"https:\/\/schema.org\/CreativeWork\" ><div class='avia_textblock'  itemprop=\"text\" ><h3 style=\"text-align: center;\">Wochenenden und Feiertage<\/h3>\n<\/div><\/section><br \/>\n<div class='avia-data-table-wrap av-cybad-10-9100c096d19eb356d519d5a6c66efe02 avia_responsive_table avia-table-2'><table  class='avia-table avia-data-table avia_pricing_default  avia-builder-el-10  el_after_av_textblock  avia-builder-el-last'  itemscope=\"itemscope\" itemtype=\"https:\/\/schema.org\/Table\" ><tbody><tr class=''><td class=''>Morgen<br \/>\n9.00 &#8211; 13.00<\/td><td class=''>110<\/td><\/tr><tr class=''><td class=''>Nachmittag<br \/>\n14.00 &#8211; 17.00<\/td><td class=''>145<\/td><\/tr><tr class=''><td class=''>Tsch\u00fcss<br \/>\n9.00 &#8211; 17.00<\/td><td class=''>195<\/td><\/tr><tr class=''><td class=''>Tag + Abend<br \/>\n9.00 &#8211; 17.00<\/td><td class=''>230<\/td><\/tr><tr class=''><td class=''>Avond<br \/>\n18:00 &#8211; 21:00<\/td><td class=''>85<\/td><\/tr><\/tbody><\/table><\/div><\/p><\/div>\n<style type=\"text\/css\" data-created_by=\"avia_inline_auto\" id=\"style-css-av-12o2l-5ad933b5629678dcb2f3fda155dac77e\">\n#top .av-special-heading.av-12o2l-5ad933b5629678dcb2f3fda155dac77e{\npadding-bottom:25px;\n}\nbody .av-special-heading.av-12o2l-5ad933b5629678dcb2f3fda155dac77e .av-special-heading-tag .heading-char{\nfont-size:25px;\n}\n.av-special-heading.av-12o2l-5ad933b5629678dcb2f3fda155dac77e .av-subheading{\nfont-size:15px;\n}\n<\/style>\n<div  class='av-special-heading av-12o2l-5ad933b5629678dcb2f3fda155dac77e av-special-heading-h2 blockquote modern-quote modern-centered  avia-builder-el-11  el_after_av_one_half  el_before_av_textblock'><h2 class='av-special-heading-tag'  itemprop=\"headline\"  >Bezahlen<\/h2><div class=\"special-heading-border\"><div class=\"special-heading-inner-border\"><\/div><\/div><\/div><\/p>\n<section  class='av_textblock_section av-2i7x-af2a95dfcd98a07e772adbfd992ad98c'   itemscope=\"itemscope\" itemtype=\"https:\/\/schema.org\/CreativeWork\" ><div class='avia_textblock'  itemprop=\"text\" ><p style=\"text-align: center;\">Sie k\u00f6nnen einfach und schnell \u00fcber iDeal oder manuell mit den Zahlungsdaten, die Sie per E-Mail erhalten, bezahlen. Nach der Buchung bitten wir Sie, den ausstehenden Betrag sofort zu \u00fcberweisen. Es kommt etwas dazwischen? Keine Panik, Sie k\u00f6nnen Ihre Buchung bis zu 72 Stunden vor der Abreise kostenlos stornieren. Sie erhalten den vollen Betrag innerhalb von 14 Tagen auf Ihr Konto und k\u00f6nnen sofort neu buchen.<\/p>\n<p style=\"text-align: center;\">\n<p style=\"text-align: center;\">M\u00f6chten Sie den Betrag lieber manuell \u00fcberweisen? Wir senden Ihnen die Zahlungsdaten auch gerne per E-Mail zu.<\/p>\n<\/div><\/section>\n\n<style type=\"text\/css\" data-created_by=\"avia_inline_auto\" id=\"style-css-av-jilhszbb-50f05e7ecf72cc87525fede1ed32ff06\">\n#top .hr.hr-invisible.av-jilhszbb-50f05e7ecf72cc87525fede1ed32ff06{\nheight:50px;\n}\n<\/style>\n<div  class='hr av-jilhszbb-50f05e7ecf72cc87525fede1ed32ff06 hr-invisible  avia-builder-el-13  el_after_av_textblock  el_before_av_button'><span class='hr-inner'><span class=\"hr-inner-style\"><\/span><\/span><\/div>\n<div  class='avia-button-wrap av-jilgl1pn-9b6007abcb201025cb38281aab9a98ec-wrap avia-button-center  avia-builder-el-14  el_after_av_hr  avia-builder-el-last'><a href='https:\/\/sloepvaren.nl\/de\/bucher\/'  class='avia-button av-jilgl1pn-9b6007abcb201025cb38281aab9a98ec av-link-btn avia-icon_select-yes-left-icon avia-size-large avia-position-center avia-color-theme-color'   aria-label=\"Buchen Sie eine Schaluppe\"><span class='avia_button_icon avia_button_icon_left avia-iconfont avia-font-entypo-fontello' data-av_icon='\ue881' data-av_iconfont='entypo-fontello' ><\/span><span class='avia_iconbox_title' >Buchen Sie eine Schaluppe<\/span><\/a><\/div>","protected":false},"excerpt":{"rendered":"","protected":false},"author":1,"featured_media":0,"parent":0,"menu_order":0,"comment_status":"open","ping_status":"open","template":"","meta":{"_seopress_robots_primary_cat":"","_seopress_titles_title":"Sloepvaren - Elektrosloep en Diesel Sloep Huren","_seopress_titles_desc":"Onze luxe sloepen bieden ruimte voor max. 8 personen en zijn voorzien alle benodigdheden. Geniet samen van het water zonder enige stuurervaring!","_seopress_robots_index":"","footnotes":""},"class_list":["post-25","page","type-page","status-publish","hentry"],"_links":{"self":[{"href":"https:\/\/sloepvaren.nl\/de\/wp-json\/wp\/v2\/pages\/25","targetHints":{"allow":["GET"]}}],"collection":[{"href":"https:\/\/sloepvaren.nl\/de\/wp-json\/wp\/v2\/pages"}],"about":[{"href":"https:\/\/sloepvaren.nl\/de\/wp-json\/wp\/v2\/types\/page"}],"author":[{"embeddable":true,"href":"https:\/\/sloepvaren.nl\/de\/wp-json\/wp\/v2\/users\/1"}],"replies":[{"embeddable":true,"href":"https:\/\/sloepvaren.nl\/de\/wp-json\/wp\/v2\/comments?post=25"}],"version-history":[{"count":5,"href":"https:\/\/sloepvaren.nl\/de\/wp-json\/wp\/v2\/pages\/25\/revisions"}],"predecessor-version":[{"id":1510,"href":"https:\/\/sloepvaren.nl\/de\/wp-json\/wp\/v2\/pages\/25\/revisions\/1510"}],"wp:attachment":[{"href":"https:\/\/sloepvaren.nl\/de\/wp-json\/wp\/v2\/media?parent=25"}],"curies":[{"name":"wp","href":"https:\/\/api.w.org\/{rel}","templated":true}]}}