{"id":588,"date":"2018-05-14T19:20:08","date_gmt":"2018-05-14T17:20:08","guid":{"rendered":"https:\/\/sloepvaren.nl\/?page_id=588"},"modified":"2025-04-24T11:32:56","modified_gmt":"2025-04-24T09:32:56","slug":"arrangements","status":"publish","type":"page","link":"https:\/\/sloepvaren.nl\/de\/arrangements\/","title":{"rendered":"Pakete"},"content":{"rendered":"<style type=\"text\/css\" data-created_by=\"avia_inline_auto\" id=\"style-css-av-82pqc-3e6b4f7d9462cdb6cf40bcfedd2a43bb\">\n#top .av-special-heading.av-82pqc-3e6b4f7d9462cdb6cf40bcfedd2a43bb{\npadding-bottom:10px;\n}\nbody .av-special-heading.av-82pqc-3e6b4f7d9462cdb6cf40bcfedd2a43bb .av-special-heading-tag .heading-char{\nfont-size:25px;\n}\n.av-special-heading.av-82pqc-3e6b4f7d9462cdb6cf40bcfedd2a43bb .av-subheading{\nfont-size:15px;\n}\n<\/style>\n<div  class='av-special-heading av-82pqc-3e6b4f7d9462cdb6cf40bcfedd2a43bb av-special-heading-h1 blockquote modern-quote modern-centered  avia-builder-el-0  el_before_av_textblock  avia-builder-el-first'><h1 class='av-special-heading-tag'  itemprop=\"headline\"  >Unser Angebot<\/h1><div class=\"special-heading-border\"><div class=\"special-heading-inner-border\"><\/div><\/div><\/div>\n<section  class='av_textblock_section av-87nz0-463a7bc41000a5979343964acb40dc69'   itemscope=\"itemscope\" itemtype=\"https:\/\/schema.org\/CreativeWork\" ><div class='avia_textblock'  itemprop=\"text\" ><p style=\"text-align: center;\">Mit ein paar Leckereien ist das Segeln noch gem\u00fctlicher. Bestellen Sie eines unserer Pakete, nehmen Sie es mit an Bord und genie\u00dfen Sie ein k\u00f6stliches Picknick, einen High Tea oder eine Getr\u00e4nkekarte auf dem Wasser.<\/p>\n<\/div><\/section>\n<div id='av-masonry-1' class='av-masonry av-jibntdjj-faef8649eb41e87b5c5c2690a5840293 noHover av-fixed-size av-large-gap av-hover-overlay-active av-masonry-animation-active av-masonry-col-flexible av-caption-always av-caption-style- av-masonry-gallery' data-post_id=\"588\"><div class=\"av-masonry-container isotope av-js-disabled\"><div class='av-masonry-entry isotope-item av-masonry-item-no-image'><\/div><a href=\"https:\/\/sloepvaren.nl\/de\/getrankekiste\/\"  aria-label=\"Bild Getr\u00e4nkekiste\"  id='av-masonry-1-item-1251' data-av-masonry-item='1251' class='av-masonry-entry isotope-item post-1251 attachment type-attachment status-inherit hentry  av-masonry-item-with-image' title=\"Getr\u00e4nkekiste\" alt=\"\"  data-av-masonry-custom-link=\"https:\/\/sloepvaren.nl\/borrelbox\"  itemprop=\"thumbnailUrl\" ><div class='av-inner-masonry-sizer'><\/div><figure class='av-inner-masonry main_color'><div class=\"av-masonry-outerimage-container\"><div class='av-masonry-image-container' style=\"background-image: url(https:\/\/sloepvaren.nl\/wp-content\/uploads\/2021\/08\/Sloepvaren-Borrelbox-1.jpg);\"  title=\"Getr\u00e4nkekiste\" ><\/div><\/div><figcaption class='av-inner-masonry-content site-background'><div class='av-inner-masonry-content-pos'><div class='av-inner-masonry-content-pos-content'><div class='avia-arrow'><\/div><h3 class='av-masonry-entry-title entry-title'  itemprop=\"headline\" >Getr\u00e4nkekiste<\/h3><\/div><\/div><\/figcaption><\/figure><\/a><!--end av-masonry entry--><a href=\"https:\/\/sloepvaren.nl\/de\/picknickkorb\/\"  aria-label=\"Bild Picknickkorb\"  id='av-masonry-1-item-1252' data-av-masonry-item='1252' class='av-masonry-entry isotope-item post-1252 attachment type-attachment status-inherit hentry  av-masonry-item-with-image' title=\"Picknickkorb\" alt=\"\"  data-av-masonry-custom-link=\"https:\/\/sloepvaren.nl\/picnickmand\"  itemprop=\"thumbnailUrl\" ><div class='av-inner-masonry-sizer'><\/div><figure class='av-inner-masonry main_color'><div class=\"av-masonry-outerimage-container\"><div class='av-masonry-image-container' style=\"background-image: url(https:\/\/sloepvaren.nl\/wp-content\/uploads\/2021\/08\/Sloepvaren-Picnick-1.jpg);\"  title=\"Picknickkorb\" ><\/div><\/div><figcaption class='av-inner-masonry-content site-background'><div class='av-inner-masonry-content-pos'><div class='av-inner-masonry-content-pos-content'><div class='avia-arrow'><\/div><h3 class='av-masonry-entry-title entry-title'  itemprop=\"headline\" >Picknickkorb<\/h3><\/div><\/div><\/figcaption><\/figure><\/a><!--end av-masonry entry--><a href=\"https:\/\/sloepvaren.nl\/de\/erweiterter-picknickkorb\/\"  aria-label=\"Bild Erweiterter Picknickkorb\"  id='av-masonry-1-item-1258' data-av-masonry-item='1258' class='av-masonry-entry isotope-item post-1258 attachment type-attachment status-inherit hentry  av-masonry-item-with-image' title=\"Erweiterter Picknickkorb\" alt=\"\"  data-av-masonry-custom-link=\"https:\/\/sloepvaren.nl\/uitgebreide-picnickmand\"  itemprop=\"thumbnailUrl\" ><div class='av-inner-masonry-sizer'><\/div><figure class='av-inner-masonry main_color'><div class=\"av-masonry-outerimage-container\"><div class='av-masonry-image-container' style=\"background-image: url(https:\/\/sloepvaren.nl\/wp-content\/uploads\/2021\/08\/Sloepvaren-Picnick-2.jpg);\"  title=\"Erweiterter Picknickkorb\" ><\/div><\/div><figcaption class='av-inner-masonry-content site-background'><div class='av-inner-masonry-content-pos'><div class='av-inner-masonry-content-pos-content'><div class='avia-arrow'><\/div><h3 class='av-masonry-entry-title entry-title'  itemprop=\"headline\" >Erweiterter Picknickkorb<\/h3><\/div><\/div><\/figcaption><\/figure><\/a><!--end av-masonry entry--><a href=\"https:\/\/sloepvaren.nl\/de\/picknickmand-kids\/\"  aria-label=\"Bild Picknickkorb Kinder\"  id='av-masonry-1-item-1262' data-av-masonry-item='1262' class='av-masonry-entry isotope-item post-1262 attachment type-attachment status-inherit hentry  av-masonry-item-with-image' title=\"Picknickkorb Kinder\" alt=\"\"  data-av-masonry-custom-link=\"https:\/\/sloepvaren.nl\/picknickmand-kids\"  itemprop=\"thumbnailUrl\" ><div class='av-inner-masonry-sizer'><\/div><figure class='av-inner-masonry main_color'><div class=\"av-masonry-outerimage-container\"><div class='av-masonry-image-container' style=\"background-image: url(https:\/\/sloepvaren.nl\/wp-content\/uploads\/2021\/08\/Sloepvaren-Picnick.jpg);\"  title=\"Picknickkorb Kinder\" ><\/div><\/div><figcaption class='av-inner-masonry-content site-background'><div class='av-inner-masonry-content-pos'><div class='av-inner-masonry-content-pos-content'><div class='avia-arrow'><\/div><h3 class='av-masonry-entry-title entry-title'  itemprop=\"headline\" >Picknickkorb Kinder<\/h3><\/div><\/div><\/figcaption><\/figure><\/a><!--end av-masonry entry--><\/div><\/div>","protected":false},"excerpt":{"rendered":"","protected":false},"author":1,"featured_media":0,"parent":0,"menu_order":0,"comment_status":"closed","ping_status":"closed","template":"","meta":{"_seopress_robots_primary_cat":"","_seopress_titles_title":"%%post_title%% %%sep%% %%sitetitle%%","_seopress_titles_desc":"Ervaar de magie van de weerribben. Kom genieten van de prachtige omgeving, heerlijke hapjes en drankjes. Reserveer vandaag nog!","_seopress_robots_index":"","footnotes":""},"class_list":["post-588","page","type-page","status-publish","hentry"],"_links":{"self":[{"href":"https:\/\/sloepvaren.nl\/de\/wp-json\/wp\/v2\/pages\/588","targetHints":{"allow":["GET"]}}],"collection":[{"href":"https:\/\/sloepvaren.nl\/de\/wp-json\/wp\/v2\/pages"}],"about":[{"href":"https:\/\/sloepvaren.nl\/de\/wp-json\/wp\/v2\/types\/page"}],"author":[{"embeddable":true,"href":"https:\/\/sloepvaren.nl\/de\/wp-json\/wp\/v2\/users\/1"}],"replies":[{"embeddable":true,"href":"https:\/\/sloepvaren.nl\/de\/wp-json\/wp\/v2\/comments?post=588"}],"version-history":[{"count":2,"href":"https:\/\/sloepvaren.nl\/de\/wp-json\/wp\/v2\/pages\/588\/revisions"}],"predecessor-version":[{"id":1496,"href":"https:\/\/sloepvaren.nl\/de\/wp-json\/wp\/v2\/pages\/588\/revisions\/1496"}],"wp:attachment":[{"href":"https:\/\/sloepvaren.nl\/de\/wp-json\/wp\/v2\/media?parent=588"}],"curies":[{"name":"wp","href":"https:\/\/api.w.org\/{rel}","templated":true}]}}